{"id":42171,"date":"2023-10-28T12:03:40","date_gmt":"2023-10-28T12:03:40","guid":{"rendered":"https:\/\/thevisualcorner.net\/pagina-de-gracias-recursos\/"},"modified":"2024-09-27T09:34:42","modified_gmt":"2024-09-27T09:34:42","slug":"pagina-de-gracias-recursos","status":"publish","type":"page","link":"https:\/\/thevisualcorner.net\/es\/pagina-de-gracias-recursos\/","title":{"rendered":"P\u00e1gina de gracias recursos"},"content":{"rendered":"\t\t<div data-elementor-type=\"wp-post\" data-elementor-id=\"42171\" class=\"elementor elementor-42171 elementor-9176\" data-elementor-post-type=\"page\">\n\t\t\t\t\t\t<section class=\"elementor-section elementor-top-section elementor-element elementor-element-05560e6 elementor-section-boxed elementor-section-height-default elementor-section-height-default\" data-id=\"05560e6\" data-element_type=\"section\" data-e-type=\"section\" data-settings=\"{&quot;background_background&quot;:&quot;classic&quot;}\">\n\t\t\t\t\t\t\t<div class=\"elementor-background-overlay\"><\/div>\n\t\t\t\t\t\t\t<div class=\"elementor-container elementor-column-gap-no\">\n\t\t\t\t\t<div class=\"elementor-column elementor-col-100 elementor-top-column elementor-element elementor-element-a4cb261\" data-id=\"a4cb261\" data-element_type=\"column\" data-e-type=\"column\">\n\t\t\t<div class=\"elementor-widget-wrap elementor-element-populated\">\n\t\t\t\t\t\t<section class=\"elementor-section elementor-inner-section elementor-element elementor-element-1ff3922 elementor-section-boxed elementor-section-height-default elementor-section-height-default\" data-id=\"1ff3922\" data-element_type=\"section\" data-e-type=\"section\">\n\t\t\t\t\t\t<div class=\"elementor-container elementor-column-gap-no\">\n\t\t\t\t\t<div class=\"elementor-column elementor-col-100 elementor-inner-column elementor-element elementor-element-d41abcd\" data-id=\"d41abcd\" data-element_type=\"column\" data-e-type=\"column\">\n\t\t\t<div class=\"elementor-widget-wrap\">\n\t\t\t\t\t\t\t<\/div>\n\t\t<\/div>\n\t\t\t\t\t<\/div>\n\t\t<\/section>\n\t\t\t\t<section class=\"elementor-section elementor-inner-section elementor-element elementor-element-9d4fd8e elementor-section-content-middle elementor-section-boxed elementor-section-height-default elementor-section-height-default\" data-id=\"9d4fd8e\" data-element_type=\"section\" data-e-type=\"section\">\n\t\t\t\t\t\t<div class=\"elementor-container elementor-column-gap-default\">\n\t\t\t\t\t<div class=\"elementor-column elementor-col-50 elementor-inner-column elementor-element elementor-element-afacd09\" data-id=\"afacd09\" data-element_type=\"column\" data-e-type=\"column\">\n\t\t\t<div class=\"elementor-widget-wrap elementor-element-populated\">\n\t\t\t\t\t\t<div class=\"elementor-element elementor-element-bd9cf69 elementor-widget elementor-widget-image\" data-id=\"bd9cf69\" data-element_type=\"widget\" data-e-type=\"widget\" data-widget_type=\"image.default\">\n\t\t\t\t<div class=\"elementor-widget-container\">\n\t\t\t\t\t\t\t\t\t\t\t\t\t\t\t<img fetchpriority=\"high\" decoding=\"async\" width=\"1707\" height=\"2560\" src=\"https:\/\/thevisualcorner.net\/wp-content\/uploads\/2024\/09\/The-Visual-Corner-studio21-scaled.jpg\" class=\"attachment-full size-full wp-image-66271\" alt=\"\" srcset=\"https:\/\/thevisualcorner.net\/wp-content\/uploads\/2024\/09\/The-Visual-Corner-studio21-scaled.jpg 1707w, https:\/\/thevisualcorner.net\/wp-content\/uploads\/2024\/09\/The-Visual-Corner-studio21-200x300.jpg 200w, https:\/\/thevisualcorner.net\/wp-content\/uploads\/2024\/09\/The-Visual-Corner-studio21-683x1024.jpg 683w, https:\/\/thevisualcorner.net\/wp-content\/uploads\/2024\/09\/The-Visual-Corner-studio21-768x1152.jpg 768w, https:\/\/thevisualcorner.net\/wp-content\/uploads\/2024\/09\/The-Visual-Corner-studio21-1024x1536.jpg 1024w, https:\/\/thevisualcorner.net\/wp-content\/uploads\/2024\/09\/The-Visual-Corner-studio21-1365x2048.jpg 1365w\" sizes=\"(max-width: 1707px) 100vw, 1707px\" \/>\t\t\t\t\t\t\t\t\t\t\t\t\t\t\t<\/div>\n\t\t\t\t<\/div>\n\t\t\t\t\t<\/div>\n\t\t<\/div>\n\t\t\t\t<div class=\"elementor-column elementor-col-50 elementor-inner-column elementor-element elementor-element-c66d211\" data-id=\"c66d211\" data-element_type=\"column\" data-e-type=\"column\">\n\t\t\t<div class=\"elementor-widget-wrap elementor-element-populated\">\n\t\t\t\t\t\t<div class=\"elementor-element elementor-element-bc2e5fa elementor-widget elementor-widget-image\" data-id=\"bc2e5fa\" data-element_type=\"widget\" data-e-type=\"widget\" data-widget_type=\"image.default\">\n\t\t\t\t<div class=\"elementor-widget-container\">\n\t\t\t\t\t\t\t\t\t\t\t\t\t\t\t<img decoding=\"async\" width=\"1746\" height=\"480\" src=\"https:\/\/thevisualcorner.net\/wp-content\/uploads\/2023\/10\/Branding-in-Style-logo-white.png\" class=\"attachment-full size-full wp-image-58708\" alt=\"\" srcset=\"https:\/\/thevisualcorner.net\/wp-content\/uploads\/2023\/10\/Branding-in-Style-logo-white.png 1746w, https:\/\/thevisualcorner.net\/wp-content\/uploads\/2023\/10\/Branding-in-Style-logo-white-300x82.png 300w, https:\/\/thevisualcorner.net\/wp-content\/uploads\/2023\/10\/Branding-in-Style-logo-white-1024x282.png 1024w, https:\/\/thevisualcorner.net\/wp-content\/uploads\/2023\/10\/Branding-in-Style-logo-white-768x211.png 768w, https:\/\/thevisualcorner.net\/wp-content\/uploads\/2023\/10\/Branding-in-Style-logo-white-1536x422.png 1536w\" sizes=\"(max-width: 1746px) 100vw, 1746px\" \/>\t\t\t\t\t\t\t\t\t\t\t\t\t\t\t<\/div>\n\t\t\t\t<\/div>\n\t\t\t\t<div class=\"elementor-element elementor-element-8be4a8d elementor-widget__width-initial elementor-widget elementor-widget-heading\" data-id=\"8be4a8d\" data-element_type=\"widget\" data-e-type=\"widget\" data-widget_type=\"heading.default\">\n\t\t\t\t<div class=\"elementor-widget-container\">\n\t\t\t\t\t<h2 class=\"elementor-heading-title elementor-size-default\">\u00a1Bien! Est\u00e1s cada vez m\u00e1s cerca de <i>crear la marca <\/i>que tu negocio <i>se merece <\/i><\/h2>\t\t\t\t<\/div>\n\t\t\t\t<\/div>\n\t\t\t\t<div class=\"elementor-element elementor-element-46454dd elementor-widget elementor-widget-heading\" data-id=\"46454dd\" data-element_type=\"widget\" data-e-type=\"widget\" data-widget_type=\"heading.default\">\n\t\t\t\t<div class=\"elementor-widget-container\">\n\t\t\t\t\t<h3 class=\"elementor-heading-title elementor-size-default\">no veo el momento de verte en mis formaciones o en \"branding in style\"<\/h3>\t\t\t\t<\/div>\n\t\t\t\t<\/div>\n\t\t\t\t<div class=\"elementor-element elementor-element-739f824 elementor-widget elementor-widget-text-editor\" data-id=\"739f824\" data-element_type=\"widget\" data-e-type=\"widget\" data-widget_type=\"text-editor.default\">\n\t\t\t\t<div class=\"elementor-widget-container\">\n\t\t\t\t\t\t\t\t\t<h4><span style=\"color: #ffffff;\">AQU\u00cd TIENES LOS PR\u00d3XIMOS PASOS:<\/span><\/h4><ol>\n<\/ol>\t\t\t\t\t\t\t\t<\/div>\n\t\t\t\t<\/div>\n\t\t\t\t<div class=\"elementor-element elementor-element-cea27e8 elementor-icon-list--layout-traditional elementor-list-item-link-full_width elementor-widget elementor-widget-icon-list\" data-id=\"cea27e8\" data-element_type=\"widget\" data-e-type=\"widget\" data-widget_type=\"icon-list.default\">\n\t\t\t\t<div class=\"elementor-widget-container\">\n\t\t\t\t\t\t\t<ul class=\"elementor-icon-list-items\">\n\t\t\t\t\t\t\t<li class=\"elementor-icon-list-item\">\n\t\t\t\t\t\t\t\t\t\t\t<span class=\"elementor-icon-list-icon\">\n\t\t\t\t\t\t\t<svg xmlns=\"http:\/\/www.w3.org\/2000\/svg\" width=\"43\" height=\"43\" viewBox=\"0 0 43 43\" fill=\"none\"><circle cx=\"21.5\" cy=\"21.5\" r=\"21.5\" fill=\"url(#paint0_linear_215_3261)\"><\/circle><defs><linearGradient id=\"paint0_linear_215_3261\" x1=\"21.5112\" y1=\"-16.2781\" x2=\"21.3949\" y2=\"42.9998\" gradientUnits=\"userSpaceOnUse\"><stop stop-color=\"#FFBA7B\"><\/stop><stop offset=\"1\" stop-color=\"#FFAB2D\" stop-opacity=\"0\"><\/stop><\/linearGradient><\/defs><\/svg>\t\t\t\t\t\t<\/span>\n\t\t\t\t\t\t\t\t\t\t<span class=\"elementor-icon-list-text\">Revisa tu bandeja de entrada y encuentra el correo de confirmaci\u00f3n de que est\u00e1s en la lista de espera para el programa \"Branding in Style\".<\/span>\n\t\t\t\t\t\t\t\t\t<\/li>\n\t\t\t\t\t\t\t\t<li class=\"elementor-icon-list-item\">\n\t\t\t\t\t\t\t\t\t\t\t<span class=\"elementor-icon-list-icon\">\n\t\t\t\t\t\t\t<svg xmlns=\"http:\/\/www.w3.org\/2000\/svg\" width=\"43\" height=\"43\" viewBox=\"0 0 43 43\" fill=\"none\"><circle cx=\"21.5\" cy=\"21.5\" r=\"21.5\" fill=\"url(#paint0_linear_215_3261)\"><\/circle><defs><linearGradient id=\"paint0_linear_215_3261\" x1=\"21.5112\" y1=\"-16.2781\" x2=\"21.3949\" y2=\"42.9998\" gradientUnits=\"userSpaceOnUse\"><stop stop-color=\"#FFBA7B\"><\/stop><stop offset=\"1\" stop-color=\"#FFAB2D\" stop-opacity=\"0\"><\/stop><\/linearGradient><\/defs><\/svg>\t\t\t\t\t\t<\/span>\n\t\t\t\t\t\t\t\t\t\t<span class=\"elementor-icon-list-text\">Agr\u00e9game a tus contactos para que no te pierdas actualizaciones importantes o sorpresas especiales.<\/span>\n\t\t\t\t\t\t\t\t\t<\/li>\n\t\t\t\t\t\t\t\t<li class=\"elementor-icon-list-item\">\n\t\t\t\t\t\t\t\t\t\t\t<span class=\"elementor-icon-list-icon\">\n\t\t\t\t\t\t\t<svg xmlns=\"http:\/\/www.w3.org\/2000\/svg\" width=\"43\" height=\"43\" viewBox=\"0 0 43 43\" fill=\"none\"><circle cx=\"21.5\" cy=\"21.5\" r=\"21.5\" fill=\"url(#paint0_linear_215_3261)\"><\/circle><defs><linearGradient id=\"paint0_linear_215_3261\" x1=\"21.5112\" y1=\"-16.2781\" x2=\"21.3949\" y2=\"42.9998\" gradientUnits=\"userSpaceOnUse\"><stop stop-color=\"#FFBA7B\"><\/stop><stop offset=\"1\" stop-color=\"#FFAB2D\" stop-opacity=\"0\"><\/stop><\/linearGradient><\/defs><\/svg>\t\t\t\t\t\t<\/span>\n\t\t\t\t\t\t\t\t\t\t<span class=\"elementor-icon-list-text\">\u00a1Mantente atenta! El precio de lanzamiento especial para el programa se enviar\u00e1 desde esta direcci\u00f3n de correo.<\/span>\n\t\t\t\t\t\t\t\t\t<\/li>\n\t\t\t\t\t\t<\/ul>\n\t\t\t\t\t\t<\/div>\n\t\t\t\t<\/div>\n\t\t\t\t\t<\/div>\n\t\t<\/div>\n\t\t\t\t\t<\/div>\n\t\t<\/section>\n\t\t\t\t\t<\/div>\n\t\t<\/div>\n\t\t\t\t\t<\/div>\n\t\t<\/section>\n\t\t<div class=\"elementor-element elementor-element-41d59e5 e-flex e-con-boxed e-con e-parent\" data-id=\"41d59e5\" data-element_type=\"container\" data-e-type=\"container\">\n\t\t\t\t\t<div class=\"e-con-inner\">\n\t\t\t\t<div class=\"elementor-element elementor-element-2f6b738 elementor-widget__width-initial elementor-widget elementor-widget-heading\" data-id=\"2f6b738\" data-element_type=\"widget\" data-e-type=\"widget\" data-widget_type=\"heading.default\">\n\t\t\t\t<div class=\"elementor-widget-container\">\n\t\t\t\t\t<h3 class=\"elementor-heading-title elementor-size-default\">Si has disfrutado de alguno de mis workshops, cursos o masterclass, \u00bfme har\u00edas el favor de ayudarme con algo especial?<\/h3>\t\t\t\t<\/div>\n\t\t\t\t<\/div>\n\t\t\t\t\t<\/div>\n\t\t\t\t<\/div>\n\t\t<div class=\"elementor-element elementor-element-fdde2c4 e-flex e-con-boxed e-con e-parent\" data-id=\"fdde2c4\" data-element_type=\"container\" data-e-type=\"container\">\n\t\t\t\t\t<div class=\"e-con-inner\">\n\t\t\t\t<div class=\"elementor-element elementor-element-11b20fb elementor-widget__width-initial elementor-widget elementor-widget-image\" data-id=\"11b20fb\" data-element_type=\"widget\" data-e-type=\"widget\" data-widget_type=\"image.default\">\n\t\t\t\t<div class=\"elementor-widget-container\">\n\t\t\t\t\t\t\t\t\t\t\t\t\t\t\t<img decoding=\"async\" width=\"683\" height=\"1024\" src=\"https:\/\/thevisualcorner.net\/wp-content\/uploads\/2024\/09\/TheVisualCorner-premium-branding-06-683x1024.jpg\" class=\"attachment-large size-large wp-image-66433\" alt=\"\" srcset=\"https:\/\/thevisualcorner.net\/wp-content\/uploads\/2024\/09\/TheVisualCorner-premium-branding-06-683x1024.jpg 683w, https:\/\/thevisualcorner.net\/wp-content\/uploads\/2024\/09\/TheVisualCorner-premium-branding-06-200x300.jpg 200w, https:\/\/thevisualcorner.net\/wp-content\/uploads\/2024\/09\/TheVisualCorner-premium-branding-06-768x1152.jpg 768w, https:\/\/thevisualcorner.net\/wp-content\/uploads\/2024\/09\/TheVisualCorner-premium-branding-06-1024x1536.jpg 1024w, https:\/\/thevisualcorner.net\/wp-content\/uploads\/2024\/09\/TheVisualCorner-premium-branding-06.jpg 1365w\" sizes=\"(max-width: 683px) 100vw, 683px\" \/>\t\t\t\t\t\t\t\t\t\t\t\t\t\t\t<\/div>\n\t\t\t\t<\/div>\n\t\t\t\t<div class=\"elementor-element elementor-element-9062f97 elementor-widget__width-initial elementor-widget-mobile__width-inherit elementor-icon-list--layout-traditional elementor-list-item-link-full_width elementor-widget elementor-widget-icon-list\" data-id=\"9062f97\" data-element_type=\"widget\" data-e-type=\"widget\" data-widget_type=\"icon-list.default\">\n\t\t\t\t<div class=\"elementor-widget-container\">\n\t\t\t\t\t\t\t<ul class=\"elementor-icon-list-items\">\n\t\t\t\t\t\t\t<li class=\"elementor-icon-list-item\">\n\t\t\t\t\t\t\t\t\t\t\t<a href=\"https:\/\/g.page\/r\/CTgBjQ2BD2IREBM\/review\" target=\"_blank\">\n\n\t\t\t\t\t\t\t\t\t\t\t\t<span class=\"elementor-icon-list-icon\">\n\t\t\t\t\t\t\t<svg xmlns=\"http:\/\/www.w3.org\/2000\/svg\" width=\"43\" height=\"43\" viewBox=\"0 0 43 43\" fill=\"none\"><circle cx=\"21.5\" cy=\"21.5\" r=\"21.5\" fill=\"url(#paint0_linear_215_3261)\"><\/circle><defs><linearGradient id=\"paint0_linear_215_3261\" x1=\"21.5112\" y1=\"-16.2781\" x2=\"21.3949\" y2=\"42.9998\" gradientUnits=\"userSpaceOnUse\"><stop stop-color=\"#FFBA7B\"><\/stop><stop offset=\"1\" stop-color=\"#FFAB2D\" stop-opacity=\"0\"><\/stop><\/linearGradient><\/defs><\/svg>\t\t\t\t\t\t<\/span>\n\t\t\t\t\t\t\t\t\t\t<span class=\"elementor-icon-list-text\">Puedes dejarme una rese\u00f1a en Google, simplemente haz clic en este texto.  \u00a1As\u00ed de f\u00e1cil! \ud83d\ude0a<\/span>\n\t\t\t\t\t\t\t\t\t\t\t<\/a>\n\t\t\t\t\t\t\t\t\t<\/li>\n\t\t\t\t\t\t\t\t<li class=\"elementor-icon-list-item\">\n\t\t\t\t\t\t\t\t\t\t\t<span class=\"elementor-icon-list-icon\">\n\t\t\t\t\t\t\t<svg xmlns=\"http:\/\/www.w3.org\/2000\/svg\" width=\"43\" height=\"43\" viewBox=\"0 0 43 43\" fill=\"none\"><circle cx=\"21.5\" cy=\"21.5\" r=\"21.5\" fill=\"url(#paint0_linear_215_3261)\"><\/circle><defs><linearGradient id=\"paint0_linear_215_3261\" x1=\"21.5112\" y1=\"-16.2781\" x2=\"21.3949\" y2=\"42.9998\" gradientUnits=\"userSpaceOnUse\"><stop stop-color=\"#FFBA7B\"><\/stop><stop offset=\"1\" stop-color=\"#FFAB2D\" stop-opacity=\"0\"><\/stop><\/linearGradient><\/defs><\/svg>\t\t\t\t\t\t<\/span>\n\t\t\t\t\t\t\t\t\t\t<span class=\"elementor-icon-list-text\">O si te hace ilusi\u00f3n, como a m\u00ed, env\u00edame un peque\u00f1o v\u00eddeo vertical (1 minuto me basta) cont\u00e1ndome tu experiencia a info@thevisualcorner.net. \u00a1Me har\u00e1s muy feliz!<\/span>\n\t\t\t\t\t\t\t\t\t<\/li>\n\t\t\t\t\t\t\t\t<li class=\"elementor-icon-list-item\">\n\t\t\t\t\t\t\t\t\t\t\t<a href=\"https:\/\/www.instagram.com\/thevisualcorner\/\" target=\"_blank\" rel=\"noopener\">\n\n\t\t\t\t\t\t\t\t\t\t\t\t<span class=\"elementor-icon-list-icon\">\n\t\t\t\t\t\t\t<svg xmlns=\"http:\/\/www.w3.org\/2000\/svg\" width=\"43\" height=\"43\" viewBox=\"0 0 43 43\" fill=\"none\"><circle cx=\"21.5\" cy=\"21.5\" r=\"21.5\" fill=\"url(#paint0_linear_215_3261)\"><\/circle><defs><linearGradient id=\"paint0_linear_215_3261\" x1=\"21.5112\" y1=\"-16.2781\" x2=\"21.3949\" y2=\"42.9998\" gradientUnits=\"userSpaceOnUse\"><stop stop-color=\"#FFBA7B\"><\/stop><stop offset=\"1\" stop-color=\"#FFAB2D\" stop-opacity=\"0\"><\/stop><\/linearGradient><\/defs><\/svg>\t\t\t\t\t\t<\/span>\n\t\t\t\t\t\t\t\t\t\t<span class=\"elementor-icon-list-text\">Por \u00faltimo, puedes seguirme en Instagram si es que a\u00fan no lo haces. \u00a1Me encantr\u00e1 verte por all\u00ed! Pulsa este texto y en un segundo estar\u00e1s en @thevisualcorner.net \u2728<\/span>\n\t\t\t\t\t\t\t\t\t\t\t<\/a>\n\t\t\t\t\t\t\t\t\t<\/li>\n\t\t\t\t\t\t<\/ul>\n\t\t\t\t\t\t<\/div>\n\t\t\t\t<\/div>\n\t\t\t\t\t<\/div>\n\t\t\t\t<\/div>\n\t\t\t\t<\/div>\n\t\t","protected":false},"excerpt":{"rendered":"<p>Recursos para emprendedores y creativos sobre dise\u00f1o, branding e imagen de marca. <\/p>\n","protected":false},"author":2,"featured_media":66359,"parent":0,"menu_order":2,"comment_status":"closed","ping_status":"closed","template":"elementor_header_footer","meta":{"footnotes":""},"class_list":["post-42171","page","type-page","status-publish","has-post-thumbnail","hentry"],"_links":{"self":[{"href":"https:\/\/thevisualcorner.net\/es\/wp-json\/wp\/v2\/pages\/42171","targetHints":{"allow":["GET"]}}],"collection":[{"href":"https:\/\/thevisualcorner.net\/es\/wp-json\/wp\/v2\/pages"}],"about":[{"href":"https:\/\/thevisualcorner.net\/es\/wp-json\/wp\/v2\/types\/page"}],"author":[{"embeddable":true,"href":"https:\/\/thevisualcorner.net\/es\/wp-json\/wp\/v2\/users\/2"}],"replies":[{"embeddable":true,"href":"https:\/\/thevisualcorner.net\/es\/wp-json\/wp\/v2\/comments?post=42171"}],"version-history":[{"count":0,"href":"https:\/\/thevisualcorner.net\/es\/wp-json\/wp\/v2\/pages\/42171\/revisions"}],"wp:featuredmedia":[{"embeddable":true,"href":"https:\/\/thevisualcorner.net\/es\/wp-json\/wp\/v2\/media\/66359"}],"wp:attachment":[{"href":"https:\/\/thevisualcorner.net\/es\/wp-json\/wp\/v2\/media?parent=42171"}],"curies":[{"name":"wp","href":"https:\/\/api.w.org\/{rel}","templated":true}]}}