{"id":44846,"date":"2018-10-18T14:55:19","date_gmt":"2018-10-18T14:55:19","guid":{"rendered":"https:\/\/thevisualcorner.net\/mercy-guzman-y-the-visual-corner-studio\/"},"modified":"2025-11-09T16:21:22","modified_gmt":"2025-11-09T16:21:22","slug":"mercy-guzman-y-the-visual-corner-studio","status":"publish","type":"page","link":"https:\/\/thevisualcorner.net\/es\/mercy-guzman-y-the-visual-corner-studio\/","title":{"rendered":"El estudio y Mercy Guzm\u00e1n"},"content":{"rendered":"\t\t<div data-elementor-type=\"wp-post\" data-elementor-id=\"44846\" class=\"elementor elementor-44846 elementor-161\" data-elementor-post-type=\"page\">\n\t\t\t\t\t\t<section class=\"elementor-section elementor-top-section elementor-element elementor-element-1c95af2c founder elementor-reverse-mobile elementor-section-boxed elementor-section-height-default elementor-section-height-default\" data-id=\"1c95af2c\" data-element_type=\"section\" data-e-type=\"section\" id=\"founder\" data-settings=\"{&quot;background_background&quot;:&quot;classic&quot;}\">\n\t\t\t\t\t\t\t<div class=\"elementor-background-overlay\"><\/div>\n\t\t\t\t\t\t\t<div class=\"elementor-container elementor-column-gap-wider\">\n\t\t\t\t\t<div class=\"elementor-column elementor-col-50 elementor-top-column elementor-element elementor-element-33e963f3\" data-id=\"33e963f3\" data-element_type=\"column\" data-e-type=\"column\">\n\t\t\t<div class=\"elementor-widget-wrap elementor-element-populated\">\n\t\t\t\t\t\t<div class=\"elementor-element elementor-element-539ea7df elementor-widget elementor-widget-text-editor\" data-id=\"539ea7df\" data-element_type=\"widget\" data-e-type=\"widget\" data-widget_type=\"text-editor.default\">\n\t\t\t\t<div class=\"elementor-widget-container\">\n\t\t\t\t\t\t\t\t\t<h2 style=\"text-align: left;\"><em>Redefinamos<\/em> c\u00f3mo te presentas en <em>tu negocio<\/em> y en <em>tu marca.<br><\/em><\/h2>\t\t\t\t\t\t\t\t<\/div>\n\t\t\t\t<\/div>\n\t\t\t\t<div class=\"elementor-element elementor-element-288d4663 elementor-widget elementor-widget-text-editor\" data-id=\"288d4663\" data-element_type=\"widget\" data-e-type=\"widget\" data-widget_type=\"text-editor.default\">\n\t\t\t\t<div class=\"elementor-widget-container\">\n\t\t\t\t\t\t\t\t\t<p style=\"text-align: left;\">Hola, soy Mercy, fundadora de <strong>The Visual Corner, un estudio de branding y dise\u00f1o.<\/strong> Con m\u00e1s de 15 a\u00f1os de experiencia, equilibro mi tiempo entre atender a clientes, realizar talleres y ense\u00f1ar.<\/p><p style=\"text-align: left;\">En mi rol como directora creativa, mi objetivo es ayudarte a <strong>descubrir tu singularidad<\/strong> y visualizar el futuro de tu marca. Mi misi\u00f3n es comprender y describir tu esencia, creando <strong><u>soluciones de branding a medida<\/u><\/strong> que se adapten <strong>de manera <u>\u00fanica a tus necesidades.<\/u><\/strong><\/p><blockquote><h4 style=\"text-align: left;\">Te ayudo a definir la visi\u00f3n que determinar\u00e1 tu presente y tu futuro. <\/h4><\/blockquote><p style=\"text-align: left;\">Tu marca posee caracter\u00edsticas intr\u00ednsecas que la distinguen, y es este <strong>ADN de singularidad<\/strong> que me esfuerzo por revelar y amplificar. <\/p><pre style=\"text-align: left;\"><a href=\"https:\/\/thevisualcorner.net\/es\/ponte-en-contacto\/\"><strong>Let's enhance the value of the brand you represent.<\/strong><\/a><\/pre>\t\t\t\t\t\t\t\t<\/div>\n\t\t\t\t<\/div>\n\t\t\t\t\t<\/div>\n\t\t<\/div>\n\t\t\t\t<div class=\"elementor-column elementor-col-50 elementor-top-column elementor-element elementor-element-5086e27\" data-id=\"5086e27\" data-element_type=\"column\" data-e-type=\"column\" data-settings=\"{&quot;background_background&quot;:&quot;classic&quot;}\">\n\t\t\t<div class=\"elementor-widget-wrap elementor-element-populated\">\n\t\t\t\t\t\t<div class=\"elementor-element elementor-element-4bb72440 elementor-widget elementor-widget-image\" data-id=\"4bb72440\" data-element_type=\"widget\" data-e-type=\"widget\" data-widget_type=\"image.default\">\n\t\t\t\t<div class=\"elementor-widget-container\">\n\t\t\t\t\t\t\t\t\t\t\t\t\t\t\t<img fetchpriority=\"high\" decoding=\"async\" width=\"683\" height=\"1024\" src=\"https:\/\/thevisualcorner.net\/wp-content\/uploads\/2024\/05\/MercyGuzman-thevisualcorner-1-683x1024.jpg\" class=\"attachment-large size-large wp-image-65327\" alt=\"Mercy Guzm\u00e1n is The Visual Corner brand strategist and creative director for premium brands\" srcset=\"https:\/\/thevisualcorner.net\/wp-content\/uploads\/2024\/05\/MercyGuzman-thevisualcorner-1-683x1024.jpg 683w, https:\/\/thevisualcorner.net\/wp-content\/uploads\/2024\/05\/MercyGuzman-thevisualcorner-1-200x300.jpg 200w, https:\/\/thevisualcorner.net\/wp-content\/uploads\/2024\/05\/MercyGuzman-thevisualcorner-1-768x1152.jpg 768w, https:\/\/thevisualcorner.net\/wp-content\/uploads\/2024\/05\/MercyGuzman-thevisualcorner-1-1024x1536.jpg 1024w, https:\/\/thevisualcorner.net\/wp-content\/uploads\/2024\/05\/MercyGuzman-thevisualcorner-1.jpg 1100w\" sizes=\"(max-width: 683px) 100vw, 683px\" \/>\t\t\t\t\t\t\t\t\t\t\t\t\t\t\t<\/div>\n\t\t\t\t<\/div>\n\t\t\t\t<div class=\"elementor-element elementor-element-751dfd8a elementor-widget elementor-widget-text-editor\" data-id=\"751dfd8a\" data-element_type=\"widget\" data-e-type=\"widget\" data-widget_type=\"text-editor.default\">\n\t\t\t\t<div class=\"elementor-widget-container\">\n\t\t\t\t\t\t\t\t\t<h3 class=\"ql-heading\" style=\"text-align: right;\" data-block-id=\"block-95f1204a-6ec9-4778-9545-a3a2040b8007\">Mercy Guzm\u00e1n<\/h3>\t\t\t\t\t\t\t\t<\/div>\n\t\t\t\t<\/div>\n\t\t\t\t\t<\/div>\n\t\t<\/div>\n\t\t\t\t\t<\/div>\n\t\t<\/section>\n\t\t<div class=\"elementor-element elementor-element-5d46d9ca e-flex e-con-boxed e-con e-parent\" data-id=\"5d46d9ca\" data-element_type=\"container\" data-e-type=\"container\" data-settings=\"{&quot;background_background&quot;:&quot;classic&quot;}\">\n\t\t\t\t\t<div class=\"e-con-inner\">\n\t\t\t\t<div class=\"elementor-element elementor-element-29ceb260 elementor-widget elementor-widget-text-editor\" data-id=\"29ceb260\" data-element_type=\"widget\" data-e-type=\"widget\" data-widget_type=\"text-editor.default\">\n\t\t\t\t<div class=\"elementor-widget-container\">\n\t\t\t\t\t\t\t\t\t<p style=\"text-align: center;\"><span style=\"color: #ffffff;\">Tu <em>branding<\/em> debe <em>reflejar<\/em> <br>tu verdadera <em>identidad<\/em>,<br><em>moldeada conscientemente<\/em> de <em>adentro hacia afuera<\/em><\/span><\/p>\t\t\t\t\t\t\t\t<\/div>\n\t\t\t\t<\/div>\n\t\t\t\t\t<\/div>\n\t\t\t\t<\/div>\n\t\t\t\t<section class=\"elementor-section elementor-top-section elementor-element elementor-element-6faefe20 elementor-section-boxed elementor-section-height-default elementor-section-height-default\" data-id=\"6faefe20\" data-element_type=\"section\" data-e-type=\"section\" data-settings=\"{&quot;background_background&quot;:&quot;classic&quot;}\">\n\t\t\t\t\t\t\t<div class=\"elementor-background-overlay\"><\/div>\n\t\t\t\t\t\t\t<div class=\"elementor-container elementor-column-gap-wider\">\n\t\t\t\t\t<div class=\"elementor-column elementor-col-50 elementor-top-column elementor-element elementor-element-4d78799\" data-id=\"4d78799\" data-element_type=\"column\" data-e-type=\"column\">\n\t\t\t<div class=\"elementor-widget-wrap elementor-element-populated\">\n\t\t\t\t\t\t<div class=\"elementor-element elementor-element-6c66ad05 elementor-widget elementor-widget-text-editor\" data-id=\"6c66ad05\" data-element_type=\"widget\" data-e-type=\"widget\" data-widget_type=\"text-editor.default\">\n\t\t\t\t<div class=\"elementor-widget-container\">\n\t\t\t\t\t\t\t\t\t<h2>El <em>Estudio<\/em><\/h2>\t\t\t\t\t\t\t\t<\/div>\n\t\t\t\t<\/div>\n\t\t\t\t<div class=\"elementor-element elementor-element-ebe9beb elementor-widget elementor-widget-video\" data-id=\"ebe9beb\" data-element_type=\"widget\" data-e-type=\"widget\" data-settings=\"{&quot;video_type&quot;:&quot;hosted&quot;,&quot;autoplay&quot;:&quot;yes&quot;,&quot;play_on_mobile&quot;:&quot;yes&quot;,&quot;loop&quot;:&quot;yes&quot;}\" data-widget_type=\"video.default\">\n\t\t\t\t<div class=\"elementor-widget-container\">\n\t\t\t\t\t\t\t<div class=\"e-hosted-video elementor-wrapper elementor-open-inline\">\n\t\t\t\t\t<video class=\"elementor-video\" src=\"https:\/\/thevisualcorner.net\/wp-content\/uploads\/2025\/11\/Luva-Estate-branding.mov\" autoplay=\"\" loop=\"\" playsinline=\"\" controlsList=\"nodownload\"><\/video>\n\t\t\t\t<\/div>\n\t\t\t\t\t\t<\/div>\n\t\t\t\t<\/div>\n\t\t\t\t\t<\/div>\n\t\t<\/div>\n\t\t\t\t<div class=\"elementor-column elementor-col-50 elementor-top-column elementor-element elementor-element-5aca9659\" data-id=\"5aca9659\" data-element_type=\"column\" data-e-type=\"column\">\n\t\t\t<div class=\"elementor-widget-wrap elementor-element-populated\">\n\t\t\t\t\t\t<div class=\"elementor-element elementor-element-5837f13b elementor-widget elementor-widget-text-editor\" data-id=\"5837f13b\" data-element_type=\"widget\" data-e-type=\"widget\" data-widget_type=\"text-editor.default\">\n\t\t\t\t<div class=\"elementor-widget-container\">\n\t\t\t\t\t\t\t\t\t<p style=\"text-align: left;\">Creado en 2013, The Visual Corner Studio ha cultivado un impresionante portafolio, participando en proyectos tanto para <b>marcas personales como comerciales.<\/b> A trav\u00e9s de colaboraciones con los mejores creativos y profesionales, nuestro estudio ha tenido el placer de trabajar con clientes locales e internacionales que buscan soluciones de <b>branding premium, atemporales y modernas.<\/b><\/p><blockquote><h3 style=\"text-align: left;\"><strong>Nuestro propio proceso de trabajo est\u00e1 dise\u00f1ado para clarificar y elevar cada aspecto de tu marca. <\/strong><\/h3><\/blockquote><p style=\"text-align: left;\">Desde la estrategia de posicionamiento y el mensaje, hasta el dise\u00f1o de identidad y estilo, nuestro enfoque es darte todos los recursos para transformar tu marca.<\/p><p style=\"text-align: left;\">Con un <b><u>servicio personalizado y proactivo<\/u><\/b>, acompa\u00f1amos a nuestras clientes a trav\u00e9s de una <b><u>transformaci\u00f3n integral<\/u><\/b> de sus marcas. <\/p><h5 style=\"text-align: left;\">Vamos a mostrar lo que te distingue de una manera que no puede ser replicada por otros.<\/h5>\t\t\t\t\t\t\t\t<\/div>\n\t\t\t\t<\/div>\n\t\t\t\t<div class=\"elementor-element elementor-element-1cf3bc98 elementor-widget elementor-widget-text-editor\" data-id=\"1cf3bc98\" data-element_type=\"widget\" data-e-type=\"widget\" data-widget_type=\"text-editor.default\">\n\t\t\t\t<div class=\"elementor-widget-container\">\n\t\t\t\t\t\t\t\t\t<h4>Mis servicios:<\/h4>\t\t\t\t\t\t\t\t<\/div>\n\t\t\t\t<\/div>\n\t\t\t\t<div class=\"elementor-element elementor-element-8f2e911 elementor-widget elementor-widget-text-editor\" data-id=\"8f2e911\" data-element_type=\"widget\" data-e-type=\"widget\" data-widget_type=\"text-editor.default\">\n\t\t\t\t<div class=\"elementor-widget-container\">\n\t\t\t\t\t\t\t\t\t<ul><li style=\"text-align: left;\"><p><a href=\"https:\/\/thevisualcorner.net\/es\/consultoria-de-marca-para-negocios-y-emprendedores\/\">Consultor\u00eda de marca<\/a><\/p><\/li><\/ul>\t\t\t\t\t\t\t\t<\/div>\n\t\t\t\t<\/div>\n\t\t\t\t<div class=\"elementor-element elementor-element-18c27f71 elementor-widget elementor-widget-text-editor\" data-id=\"18c27f71\" data-element_type=\"widget\" data-e-type=\"widget\" data-widget_type=\"text-editor.default\">\n\t\t\t\t<div class=\"elementor-widget-container\">\n\t\t\t\t\t\t\t\t\t<ul><li style=\"text-align: left;\"><p><a href=\"https:\/\/thevisualcorner.net\/es\/servicios-de-creacion-de-marca-branding\/\">Identidad de Marca premium<\/a><\/p><\/li><\/ul>\t\t\t\t\t\t\t\t<\/div>\n\t\t\t\t<\/div>\n\t\t\t\t<div class=\"elementor-element elementor-element-1f8febe2 elementor-widget elementor-widget-text-editor\" data-id=\"1f8febe2\" data-element_type=\"widget\" data-e-type=\"widget\" data-widget_type=\"text-editor.default\">\n\t\t\t\t<div class=\"elementor-widget-container\">\n\t\t\t\t\t\t\t\t\t<ul><li style=\"text-align: left;\"><p><a href=\"https:\/\/thevisualcorner.net\/es\/servicios-de-creacion-de-marca-branding\/\">Dise\u00f1o Web estrat\u00e9gico<\/a><\/p><\/li><\/ul>\t\t\t\t\t\t\t\t<\/div>\n\t\t\t\t<\/div>\n\t\t\t\t<div class=\"elementor-element elementor-element-32b699bd elementor-widget elementor-widget-text-editor\" data-id=\"32b699bd\" data-element_type=\"widget\" data-e-type=\"widget\" data-widget_type=\"text-editor.default\">\n\t\t\t\t<div class=\"elementor-widget-container\">\n\t\t\t\t\t\t\t\t\t<ul><li style=\"text-align: left;\"><p><a href=\"https:\/\/thevisualcorner.net\/es\/creacion-de-contenido-y-estilismo-fotos\/\">Direcci\u00f3n de arte y Estilismo<\/a><\/p><\/li><\/ul>\t\t\t\t\t\t\t\t<\/div>\n\t\t\t\t<\/div>\n\t\t\t\t\t<\/div>\n\t\t<\/div>\n\t\t\t\t\t<\/div>\n\t\t<\/section>\n\t\t<div class=\"elementor-element elementor-element-6ecbabcd e-flex e-con-boxed e-con e-parent\" data-id=\"6ecbabcd\" data-element_type=\"container\" data-e-type=\"container\">\n\t\t\t\t\t<div class=\"e-con-inner\">\n\t\t<div class=\"elementor-element elementor-element-465cc34b e-con-full e-flex e-con e-child\" data-id=\"465cc34b\" data-element_type=\"container\" data-e-type=\"container\">\n\t\t\t\t<\/div>\n\t\t<div class=\"elementor-element elementor-element-7d839f4d e-con-full e-flex e-con e-child\" data-id=\"7d839f4d\" data-element_type=\"container\" data-e-type=\"container\">\n\t\t\t\t<div class=\"elementor-element elementor-element-135e0f6f elementor-widget elementor-widget-text-editor\" data-id=\"135e0f6f\" data-element_type=\"widget\" data-e-type=\"widget\" data-widget_type=\"text-editor.default\">\n\t\t\t\t<div class=\"elementor-widget-container\">\n\t\t\t\t\t\t\t\t\t<h4 style=\"text-align: center;\">Nuestro trabajo ha sido destacado:<\/h4>\t\t\t\t\t\t\t\t<\/div>\n\t\t\t\t<\/div>\n\t\t\t\t<div class=\"elementor-element elementor-element-6299c38c elementor-widget elementor-widget-text-editor\" data-id=\"6299c38c\" data-element_type=\"widget\" data-e-type=\"widget\" data-widget_type=\"text-editor.default\">\n\t\t\t\t<div class=\"elementor-widget-container\">\n\t\t\t\t\t\t\t\t\t<p style=\"text-align: center;\">40<em> Brilliant Brand Designers \/ <\/em>Happy Designer Podcast <i>\/ <\/i><em>Whitespace Magazine \/ <\/em>Artidi <i> \/<\/i> <em>The Brand Designer \/ Digiempren \/ <\/em>Casa de M\u00e9xico Barcelona <i>\/ <\/i><em>Silvia Foz \/<\/em> Comeback magazine<\/p>\t\t\t\t\t\t\t\t<\/div>\n\t\t\t\t<\/div>\n\t\t\t\t<\/div>\n\t\t<div class=\"elementor-element elementor-element-1da9243c e-con-full e-flex e-con e-child\" data-id=\"1da9243c\" data-element_type=\"container\" data-e-type=\"container\">\n\t\t\t\t<\/div>\n\t\t\t\t\t<\/div>\n\t\t\t\t<\/div>\n\t\t\t\t<section class=\"elementor-section elementor-top-section elementor-element elementor-element-47ad068 elementor-section-boxed elementor-section-height-default elementor-section-height-default\" data-id=\"47ad068\" data-element_type=\"section\" data-e-type=\"section\" data-settings=\"{&quot;background_background&quot;:&quot;classic&quot;}\">\n\t\t\t\t\t\t<div class=\"elementor-container elementor-column-gap-default\">\n\t\t\t\t\t<div class=\"elementor-column elementor-col-33 elementor-top-column elementor-element elementor-element-42b3ae67 elementor-hidden-mobile\" data-id=\"42b3ae67\" data-element_type=\"column\" data-e-type=\"column\">\n\t\t\t<div class=\"elementor-widget-wrap elementor-element-populated\">\n\t\t\t\t\t\t<div class=\"elementor-element elementor-element-4434941 elementor-hidden-mobile elementor-widget elementor-widget-heading\" data-id=\"4434941\" data-element_type=\"widget\" data-e-type=\"widget\" data-widget_type=\"heading.default\">\n\t\t\t\t<div class=\"elementor-widget-container\">\n\t\t\t\t\t<h2 class=\"elementor-heading-title elementor-size-default\">HISTORIAS DE \u00c9XITO<\/h2>\t\t\t\t<\/div>\n\t\t\t\t<\/div>\n\t\t\t\t\t<\/div>\n\t\t<\/div>\n\t\t\t\t<div class=\"elementor-column elementor-col-33 elementor-top-column elementor-element elementor-element-886ab9\" data-id=\"886ab9\" data-element_type=\"column\" data-e-type=\"column\">\n\t\t\t<div class=\"elementor-widget-wrap elementor-element-populated\">\n\t\t\t\t\t\t<div class=\"elementor-element elementor-element-2ce6c04f elementor-widget__width-inherit elementor-widget elementor-widget-image\" data-id=\"2ce6c04f\" data-element_type=\"widget\" data-e-type=\"widget\" data-widget_type=\"image.default\">\n\t\t\t\t<div class=\"elementor-widget-container\">\n\t\t\t\t\t\t\t\t\t\t\t\t\t\t\t<img decoding=\"async\" width=\"400\" height=\"499\" src=\"https:\/\/thevisualcorner.net\/wp-content\/uploads\/2023\/10\/Nicole-Amethyst-skincare.jpg\" class=\"attachment-large size-large wp-image-51987\" alt=\"\" srcset=\"https:\/\/thevisualcorner.net\/wp-content\/uploads\/2023\/10\/Nicole-Amethyst-skincare.jpg 400w, https:\/\/thevisualcorner.net\/wp-content\/uploads\/2023\/10\/Nicole-Amethyst-skincare-240x300.jpg 240w\" sizes=\"(max-width: 400px) 100vw, 400px\" \/>\t\t\t\t\t\t\t\t\t\t\t\t\t\t\t<\/div>\n\t\t\t\t<\/div>\n\t\t\t\t\t<\/div>\n\t\t<\/div>\n\t\t\t\t<div class=\"elementor-column elementor-col-33 elementor-top-column elementor-element elementor-element-31f833a3\" data-id=\"31f833a3\" data-element_type=\"column\" data-e-type=\"column\">\n\t\t\t<div class=\"elementor-widget-wrap elementor-element-populated\">\n\t\t\t\t\t\t<div class=\"elementor-element elementor-element-502e5de7 elementor-widget elementor-widget-text-editor\" data-id=\"502e5de7\" data-element_type=\"widget\" data-e-type=\"widget\" data-widget_type=\"text-editor.default\">\n\t\t\t\t<div class=\"elementor-widget-container\">\n\t\t\t\t\t\t\t\t\t<p><span style=\"font-weight: 400;\">\u00abUna de las <i>mejores experiencias<\/i> que he tenido trabajando con una <i>estratega de marca y dise\u00f1o<\/i>.<\/span><\/p>\t\t\t\t\t\t\t\t<\/div>\n\t\t\t\t<\/div>\n\t\t\t\t<div class=\"elementor-element elementor-element-23585ca8 elementor-widget elementor-widget-text-editor\" data-id=\"23585ca8\" data-element_type=\"widget\" data-e-type=\"widget\" data-widget_type=\"text-editor.default\">\n\t\t\t\t<div class=\"elementor-widget-container\">\n\t\t\t\t\t\t\t\t\t<p><span style=\"font-weight: 400;\">Desde el primer momento, ya supe que Mercy era diferente. Super\u00f3 ltodas mis expectativas y vislumbr\u00f3 el potencial de lo que nuestra marca podr\u00eda ser. <\/span><span style=\"font-weight: 400;\">No solo aplico su experiencia en creaci\u00f3n de marcas y dise\u00f1o, sino que tambi\u00e9n dise\u00f1o una direcci\u00f3n visual para que nuestra marca creara un gran impacto desde su lanzamiento. <\/span><\/p><p><span style=\"font-weight: 400;\">Estamos encantados con el trabajo que ha realizado.\u00bb <\/span><\/p>\t\t\t\t\t\t\t\t<\/div>\n\t\t\t\t<\/div>\n\t\t\t\t<section class=\"elementor-section elementor-inner-section elementor-element elementor-element-18a998bb elementor-section-boxed elementor-section-height-default elementor-section-height-default\" data-id=\"18a998bb\" data-element_type=\"section\" data-e-type=\"section\">\n\t\t\t\t\t\t<div class=\"elementor-container elementor-column-gap-no\">\n\t\t\t\t\t<div class=\"elementor-column elementor-col-33 elementor-inner-column elementor-element elementor-element-782df5ef\" data-id=\"782df5ef\" data-element_type=\"column\" data-e-type=\"column\">\n\t\t\t<div class=\"elementor-widget-wrap elementor-element-populated\">\n\t\t\t\t\t\t<div class=\"elementor-element elementor-element-2d8e7c93 elementor-widget elementor-widget-text-editor\" data-id=\"2d8e7c93\" data-element_type=\"widget\" data-e-type=\"widget\" data-widget_type=\"text-editor.default\">\n\t\t\t\t<div class=\"elementor-widget-container\">\n\t\t\t\t\t\t\t\t\t<p>nicole<\/p>\t\t\t\t\t\t\t\t<\/div>\n\t\t\t\t<\/div>\n\t\t\t\t\t<\/div>\n\t\t<\/div>\n\t\t\t\t<div class=\"elementor-column elementor-col-33 elementor-inner-column elementor-element elementor-element-22b85a70\" data-id=\"22b85a70\" data-element_type=\"column\" data-e-type=\"column\">\n\t\t\t<div class=\"elementor-widget-wrap\">\n\t\t\t\t\t\t\t<\/div>\n\t\t<\/div>\n\t\t\t\t<div class=\"elementor-column elementor-col-33 elementor-inner-column elementor-element elementor-element-5f6b7d53\" data-id=\"5f6b7d53\" data-element_type=\"column\" data-e-type=\"column\">\n\t\t\t<div class=\"elementor-widget-wrap\">\n\t\t\t\t\t\t\t<\/div>\n\t\t<\/div>\n\t\t\t\t\t<\/div>\n\t\t<\/section>\n\t\t\t\t<section class=\"elementor-section elementor-inner-section elementor-element elementor-element-24f37b48 elementor-section-boxed elementor-section-height-default elementor-section-height-default\" data-id=\"24f37b48\" data-element_type=\"section\" data-e-type=\"section\">\n\t\t\t\t\t\t<div class=\"elementor-container elementor-column-gap-no\">\n\t\t\t\t\t<div class=\"elementor-column elementor-col-50 elementor-inner-column elementor-element elementor-element-76c70cc8\" data-id=\"76c70cc8\" data-element_type=\"column\" data-e-type=\"column\">\n\t\t\t<div class=\"elementor-widget-wrap elementor-element-populated\">\n\t\t\t\t\t\t<div class=\"elementor-element elementor-element-248b37c6 elementor-widget elementor-widget-text-editor\" data-id=\"248b37c6\" data-element_type=\"widget\" data-e-type=\"widget\" data-widget_type=\"text-editor.default\">\n\t\t\t\t<div class=\"elementor-widget-container\">\n\t\t\t\t\t\t\t\t\t<p style=\"text-align: left;\"><span style=\"color: #ffffff;\">de<\/span><\/p>\t\t\t\t\t\t\t\t<\/div>\n\t\t\t\t<\/div>\n\t\t\t\t\t<\/div>\n\t\t<\/div>\n\t\t\t\t<div class=\"elementor-column elementor-col-50 elementor-inner-column elementor-element elementor-element-364cd45e\" data-id=\"364cd45e\" data-element_type=\"column\" data-e-type=\"column\">\n\t\t\t<div class=\"elementor-widget-wrap elementor-element-populated\">\n\t\t\t\t\t\t<div class=\"elementor-element elementor-element-10afa526 elementor-widget elementor-widget-text-editor\" data-id=\"10afa526\" data-element_type=\"widget\" data-e-type=\"widget\" data-widget_type=\"text-editor.default\">\n\t\t\t\t<div class=\"elementor-widget-container\">\n\t\t\t\t\t\t\t\t\t<p>amethyst skincare<\/p>\t\t\t\t\t\t\t\t<\/div>\n\t\t\t\t<\/div>\n\t\t\t\t\t<\/div>\n\t\t<\/div>\n\t\t\t\t\t<\/div>\n\t\t<\/section>\n\t\t\t\t\t<\/div>\n\t\t<\/div>\n\t\t\t\t\t<\/div>\n\t\t<\/section>\n\t\t\t\t<\/div>\n\t\t","protected":false},"excerpt":{"rendered":"<p>The Visual Corner es un estudio de branding y dise\u00f1o liderado por Mercy Guzm\u00e1n. Con m\u00e1s de 15 a\u00f1os de experiencia, su misi\u00f3n es comprender a fondo a cada cliente y crear soluciones a medida, \u00fanicas para sus marcas y negocios. <\/p>\n","protected":false},"author":2,"featured_media":62957,"parent":0,"menu_order":3,"comment_status":"closed","ping_status":"closed","template":"","meta":{"footnotes":""},"class_list":["post-44846","page","type-page","status-publish","has-post-thumbnail","hentry"],"_links":{"self":[{"href":"https:\/\/thevisualcorner.net\/es\/wp-json\/wp\/v2\/pages\/44846","targetHints":{"allow":["GET"]}}],"collection":[{"href":"https:\/\/thevisualcorner.net\/es\/wp-json\/wp\/v2\/pages"}],"about":[{"href":"https:\/\/thevisualcorner.net\/es\/wp-json\/wp\/v2\/types\/page"}],"author":[{"embeddable":true,"href":"https:\/\/thevisualcorner.net\/es\/wp-json\/wp\/v2\/users\/2"}],"replies":[{"embeddable":true,"href":"https:\/\/thevisualcorner.net\/es\/wp-json\/wp\/v2\/comments?post=44846"}],"version-history":[{"count":10,"href":"https:\/\/thevisualcorner.net\/es\/wp-json\/wp\/v2\/pages\/44846\/revisions"}],"predecessor-version":[{"id":68913,"href":"https:\/\/thevisualcorner.net\/es\/wp-json\/wp\/v2\/pages\/44846\/revisions\/68913"}],"wp:featuredmedia":[{"embeddable":true,"href":"https:\/\/thevisualcorner.net\/es\/wp-json\/wp\/v2\/media\/62957"}],"wp:attachment":[{"href":"https:\/\/thevisualcorner.net\/es\/wp-json\/wp\/v2\/media?parent=44846"}],"curies":[{"name":"wp","href":"https:\/\/api.w.org\/{rel}","templated":true}]}}