{"id":45052,"date":"2018-10-18T14:55:19","date_gmt":"2018-10-18T14:55:19","guid":{"rendered":"https:\/\/thevisualcorner.net\/the-branding-journal\/"},"modified":"2026-05-12T01:22:12","modified_gmt":"2026-05-12T01:22:12","slug":"the-branding-journal","status":"publish","type":"page","link":"https:\/\/thevisualcorner.net\/es\/the-branding-journal\/","title":{"rendered":"The branding Journal"},"content":{"rendered":"\t\t<div data-elementor-type=\"wp-post\" data-elementor-id=\"45052\" class=\"elementor elementor-45052 elementor-159\" data-elementor-post-type=\"page\">\n\t\t\t\t\t\t<section class=\"elementor-section elementor-top-section elementor-element elementor-element-be7275b elementor-section-boxed elementor-section-height-default elementor-section-height-default\" data-id=\"be7275b\" data-element_type=\"section\" data-e-type=\"section\">\n\t\t\t\t\t\t<div class=\"elementor-container elementor-column-gap-default\">\n\t\t\t\t\t<div class=\"elementor-column elementor-col-100 elementor-top-column elementor-element elementor-element-37ab506a\" data-id=\"37ab506a\" data-element_type=\"column\" data-e-type=\"column\">\n\t\t\t<div class=\"elementor-widget-wrap elementor-element-populated\">\n\t\t\t\t\t\t<div class=\"elementor-element elementor-element-4640712a elementor-posts--align-left elementor-posts__hover-none elementor-grid-3 elementor-grid-tablet-2 elementor-grid-mobile-1 elementor-posts--thumbnail-top elementor-widget elementor-widget-posts\" data-id=\"4640712a\" data-element_type=\"widget\" data-e-type=\"widget\" data-settings=\"{&quot;pagination_type&quot;:&quot;prev_next&quot;,&quot;cards_row_gap&quot;:{&quot;unit&quot;:&quot;px&quot;,&quot;size&quot;:60,&quot;sizes&quot;:[]},&quot;cards_columns&quot;:&quot;3&quot;,&quot;cards_columns_tablet&quot;:&quot;2&quot;,&quot;cards_columns_mobile&quot;:&quot;1&quot;,&quot;cards_row_gap_tablet&quot;:{&quot;unit&quot;:&quot;px&quot;,&quot;size&quot;:&quot;&quot;,&quot;sizes&quot;:[]},&quot;cards_row_gap_mobile&quot;:{&quot;unit&quot;:&quot;px&quot;,&quot;size&quot;:&quot;&quot;,&quot;sizes&quot;:[]}}\" data-widget_type=\"posts.cards\">\n\t\t\t\t<div class=\"elementor-widget-container\">\n\t\t\t\t\t\t\t<div class=\"elementor-posts-container elementor-posts elementor-posts--skin-cards elementor-grid\" role=\"list\">\n\t\t\t\t<article class=\"elementor-post elementor-grid-item post-68306 post type-post status-publish format-standard has-post-thumbnail hentry category-branding-es category-diseno tag-branding tag-lolaletost tag-packaging\" role=\"listitem\">\n\t\t\t<div class=\"elementor-post__card\">\n\t\t\t\t<a class=\"elementor-post__thumbnail__link\" href=\"https:\/\/thevisualcorner.net\/es\/packaging-experiencia-marca-coherente\/\" tabindex=\"-1\" ><div class=\"elementor-post__thumbnail\"><img fetchpriority=\"high\" decoding=\"async\" width=\"300\" height=\"200\" src=\"https:\/\/thevisualcorner.net\/wp-content\/uploads\/2016\/09\/Lolaletost-packaging-thevisualcorner3-300x200.jpg\" class=\"attachment-medium size-medium wp-image-66012\" alt=\"Experiencia de marca memorable con packaging sostenible y creativo para la marca premium Lolaletost por The Visual Corner\" srcset=\"https:\/\/thevisualcorner.net\/wp-content\/uploads\/2016\/09\/Lolaletost-packaging-thevisualcorner3-300x200.jpg 300w, https:\/\/thevisualcorner.net\/wp-content\/uploads\/2016\/09\/Lolaletost-packaging-thevisualcorner3-768x512.jpg 768w, https:\/\/thevisualcorner.net\/wp-content\/uploads\/2016\/09\/Lolaletost-packaging-thevisualcorner3.jpg 1024w\" sizes=\"(max-width: 300px) 100vw, 300px\" \/><\/div><\/a>\n\t\t\t\t<div class=\"elementor-post__text\">\n\t\t\t\t<h2 class=\"elementor-post__title\">\n\t\t\t<a href=\"https:\/\/thevisualcorner.net\/es\/packaging-experiencia-marca-coherente\/\" >\n\t\t\t\tC\u00f3mo crear una experiencia de marca memorable y coherente a trav\u00e9s del packaging\t\t\t<\/a>\n\t\t<\/h2>\n\t\t\n\t\t<a class=\"elementor-post__read-more\" href=\"https:\/\/thevisualcorner.net\/es\/packaging-experiencia-marca-coherente\/\" aria-label=\"M\u00e1s informaci\u00f3n sobre C\u00f3mo crear una experiencia de marca memorable y coherente a trav\u00e9s del packaging\" tabindex=\"-1\" >\n\t\t\tRead More \u00bb\t\t<\/a>\n\n\t\t\t\t<\/div>\n\t\t\t\t\t<\/div>\n\t\t<\/article>\n\t\t\t\t<article class=\"elementor-post elementor-grid-item post-68242 post type-post status-publish format-standard has-post-thumbnail hentry\" role=\"listitem\">\n\t\t\t<div class=\"elementor-post__card\">\n\t\t\t\t<a class=\"elementor-post__thumbnail__link\" href=\"https:\/\/thevisualcorner.net\/es\/estas-explotando-o-desperdiciando-tu-capital-visual\/\" tabindex=\"-1\" ><div class=\"elementor-post__thumbnail\"><img decoding=\"async\" width=\"200\" height=\"300\" src=\"https:\/\/thevisualcorner.net\/wp-content\/uploads\/2024\/10\/Lena-BrandShoot-40_websize-200x300.jpg\" class=\"attachment-medium size-medium wp-image-67288\" alt=\"Fotograf\u00eda de marca personal para elevar el Capital Visual de Lena Karelova\" srcset=\"https:\/\/thevisualcorner.net\/wp-content\/uploads\/2024\/10\/Lena-BrandShoot-40_websize-200x300.jpg 200w, https:\/\/thevisualcorner.net\/wp-content\/uploads\/2024\/10\/Lena-BrandShoot-40_websize.jpg 533w\" sizes=\"(max-width: 200px) 100vw, 200px\" \/><\/div><\/a>\n\t\t\t\t<div class=\"elementor-post__text\">\n\t\t\t\t<h2 class=\"elementor-post__title\">\n\t\t\t<a href=\"https:\/\/thevisualcorner.net\/es\/estas-explotando-o-desperdiciando-tu-capital-visual\/\" >\n\t\t\t\t\u00bfEst\u00e1s explotando o desperdiciando tu Capital Visual?\t\t\t<\/a>\n\t\t<\/h2>\n\t\t\n\t\t<a class=\"elementor-post__read-more\" href=\"https:\/\/thevisualcorner.net\/es\/estas-explotando-o-desperdiciando-tu-capital-visual\/\" aria-label=\"M\u00e1s informaci\u00f3n sobre \u00bfEst\u00e1s explotando o desperdiciando tu Capital Visual?\" tabindex=\"-1\" >\n\t\t\tRead More \u00bb\t\t<\/a>\n\n\t\t\t\t<\/div>\n\t\t\t\t\t<\/div>\n\t\t<\/article>\n\t\t\t\t<article class=\"elementor-post elementor-grid-item post-68089 post type-post status-publish format-standard has-post-thumbnail hentry category-branding category-entrepreneurs-2 tag-disena-tu-marca-usando-el-branding-intuitivo\" role=\"listitem\">\n\t\t\t<div class=\"elementor-post__card\">\n\t\t\t\t<a class=\"elementor-post__thumbnail__link\" href=\"https:\/\/thevisualcorner.net\/es\/branding-intuitivo-disena-una-marca-poderosa-que-impacta\/\" tabindex=\"-1\" ><div class=\"elementor-post__thumbnail\"><img decoding=\"async\" width=\"200\" height=\"300\" src=\"https:\/\/thevisualcorner.net\/wp-content\/uploads\/2025\/01\/premium-brander-mercy-guzman-200x300.jpg\" class=\"attachment-medium size-medium wp-image-68027\" alt=\"H\" srcset=\"https:\/\/thevisualcorner.net\/wp-content\/uploads\/2025\/01\/premium-brander-mercy-guzman-200x300.jpg 200w, https:\/\/thevisualcorner.net\/wp-content\/uploads\/2025\/01\/premium-brander-mercy-guzman-683x1024.jpg 683w, https:\/\/thevisualcorner.net\/wp-content\/uploads\/2025\/01\/premium-brander-mercy-guzman-768x1152.jpg 768w, https:\/\/thevisualcorner.net\/wp-content\/uploads\/2025\/01\/premium-brander-mercy-guzman-1024x1536.jpg 1024w, https:\/\/thevisualcorner.net\/wp-content\/uploads\/2025\/01\/premium-brander-mercy-guzman.jpg 1200w\" sizes=\"(max-width: 200px) 100vw, 200px\" \/><\/div><\/a>\n\t\t\t\t<div class=\"elementor-post__text\">\n\t\t\t\t<h2 class=\"elementor-post__title\">\n\t\t\t<a href=\"https:\/\/thevisualcorner.net\/es\/branding-intuitivo-disena-una-marca-poderosa-que-impacta\/\" >\n\t\t\t\tBranding intuitivo: Dise\u00f1a una marca poderosa que impacta\t\t\t<\/a>\n\t\t<\/h2>\n\t\t\n\t\t<a class=\"elementor-post__read-more\" href=\"https:\/\/thevisualcorner.net\/es\/branding-intuitivo-disena-una-marca-poderosa-que-impacta\/\" aria-label=\"M\u00e1s informaci\u00f3n sobre Branding intuitivo: Dise\u00f1a una marca poderosa que impacta\" tabindex=\"-1\" >\n\t\t\tRead More \u00bb\t\t<\/a>\n\n\t\t\t\t<\/div>\n\t\t\t\t\t<\/div>\n\t\t<\/article>\n\t\t\t\t<article class=\"elementor-post elementor-grid-item post-67941 post type-post status-publish format-standard has-post-thumbnail hentry category-design tag-branding tag-branding-premium tag-lujo-silencioso tag-marcas-premium\" role=\"listitem\">\n\t\t\t<div class=\"elementor-post__card\">\n\t\t\t\t<a class=\"elementor-post__thumbnail__link\" href=\"https:\/\/thevisualcorner.net\/es\/lujo-silencioso-en-tu-marca-branding\/\" tabindex=\"-1\" ><div class=\"elementor-post__thumbnail\"><img loading=\"lazy\" decoding=\"async\" width=\"200\" height=\"300\" src=\"https:\/\/thevisualcorner.net\/wp-content\/uploads\/2025\/01\/Lujo-silencioso-en-tu-marca-The-Visual-Corner-200x300.jpg\" class=\"attachment-medium size-medium wp-image-67949\" alt=\"Como incorporar el lujo silencioso en tu marca\" srcset=\"https:\/\/thevisualcorner.net\/wp-content\/uploads\/2025\/01\/Lujo-silencioso-en-tu-marca-The-Visual-Corner-200x300.jpg 200w, https:\/\/thevisualcorner.net\/wp-content\/uploads\/2025\/01\/Lujo-silencioso-en-tu-marca-The-Visual-Corner-683x1024.jpg 683w, https:\/\/thevisualcorner.net\/wp-content\/uploads\/2025\/01\/Lujo-silencioso-en-tu-marca-The-Visual-Corner-768x1152.jpg 768w, https:\/\/thevisualcorner.net\/wp-content\/uploads\/2025\/01\/Lujo-silencioso-en-tu-marca-The-Visual-Corner-1024x1536.jpg 1024w, https:\/\/thevisualcorner.net\/wp-content\/uploads\/2025\/01\/Lujo-silencioso-en-tu-marca-The-Visual-Corner-1365x2048.jpg 1365w, https:\/\/thevisualcorner.net\/wp-content\/uploads\/2025\/01\/Lujo-silencioso-en-tu-marca-The-Visual-Corner-scaled.jpg 1707w\" sizes=\"(max-width: 200px) 100vw, 200px\" \/><\/div><\/a>\n\t\t\t\t<div class=\"elementor-post__text\">\n\t\t\t\t<h2 class=\"elementor-post__title\">\n\t\t\t<a href=\"https:\/\/thevisualcorner.net\/es\/lujo-silencioso-en-tu-marca-branding\/\" >\n\t\t\t\tC\u00f3mo incorporar el lujo silencioso en tu marca\t\t\t<\/a>\n\t\t<\/h2>\n\t\t\n\t\t<a class=\"elementor-post__read-more\" href=\"https:\/\/thevisualcorner.net\/es\/lujo-silencioso-en-tu-marca-branding\/\" aria-label=\"M\u00e1s informaci\u00f3n sobre C\u00f3mo incorporar el lujo silencioso en tu marca\" tabindex=\"-1\" >\n\t\t\tRead More \u00bb\t\t<\/a>\n\n\t\t\t\t<\/div>\n\t\t\t\t\t<\/div>\n\t\t<\/article>\n\t\t\t\t<article class=\"elementor-post elementor-grid-item post-67993 post type-post status-publish format-standard has-post-thumbnail hentry category-branding-es-2 category-emprender tag-branding-alineado tag-branding-consciente tag-branding-sostenible tag-marca-personal\" role=\"listitem\">\n\t\t\t<div class=\"elementor-post__card\">\n\t\t\t\t<a class=\"elementor-post__thumbnail__link\" href=\"https:\/\/thevisualcorner.net\/es\/el-poder-del-branding-consciente-manifiesta-la-marca-que-quieres-ser\/\" tabindex=\"-1\" ><div class=\"elementor-post__thumbnail\"><img loading=\"lazy\" decoding=\"async\" width=\"240\" height=\"300\" src=\"https:\/\/thevisualcorner.net\/wp-content\/uploads\/2024\/10\/Nisibon-web-thevisualcorner-240x300.jpg\" class=\"attachment-medium size-medium wp-image-66983\" alt=\"Conscious branding for Real Estate\" srcset=\"https:\/\/thevisualcorner.net\/wp-content\/uploads\/2024\/10\/Nisibon-web-thevisualcorner-240x300.jpg 240w, https:\/\/thevisualcorner.net\/wp-content\/uploads\/2024\/10\/Nisibon-web-thevisualcorner-818x1024.jpg 818w, https:\/\/thevisualcorner.net\/wp-content\/uploads\/2024\/10\/Nisibon-web-thevisualcorner-768x962.jpg 768w, https:\/\/thevisualcorner.net\/wp-content\/uploads\/2024\/10\/Nisibon-web-thevisualcorner-1227x1536.jpg 1227w, https:\/\/thevisualcorner.net\/wp-content\/uploads\/2024\/10\/Nisibon-web-thevisualcorner-1636x2048.jpg 1636w, https:\/\/thevisualcorner.net\/wp-content\/uploads\/2024\/10\/Nisibon-web-thevisualcorner.jpg 2000w\" sizes=\"(max-width: 240px) 100vw, 240px\" \/><\/div><\/a>\n\t\t\t\t<div class=\"elementor-post__text\">\n\t\t\t\t<h2 class=\"elementor-post__title\">\n\t\t\t<a href=\"https:\/\/thevisualcorner.net\/es\/el-poder-del-branding-consciente-manifiesta-la-marca-que-quieres-ser\/\" >\n\t\t\t\tEl poder del branding consciente: Manifiesta la marca que quieres ser\t\t\t<\/a>\n\t\t<\/h2>\n\t\t\n\t\t<a class=\"elementor-post__read-more\" href=\"https:\/\/thevisualcorner.net\/es\/el-poder-del-branding-consciente-manifiesta-la-marca-que-quieres-ser\/\" aria-label=\"M\u00e1s informaci\u00f3n sobre El poder del branding consciente: Manifiesta la marca que quieres ser\" tabindex=\"-1\" >\n\t\t\tRead More \u00bb\t\t<\/a>\n\n\t\t\t\t<\/div>\n\t\t\t\t\t<\/div>\n\t\t<\/article>\n\t\t\t\t<article class=\"elementor-post elementor-grid-item post-63703 post type-post status-publish format-standard has-post-thumbnail hentry category-branding-es category-diseno category-emprendedores category-en-femenino\" role=\"listitem\">\n\t\t\t<div class=\"elementor-post__card\">\n\t\t\t\t<a class=\"elementor-post__thumbnail__link\" href=\"https:\/\/thevisualcorner.net\/es\/como-crear-una-marca-o-branding-premium\/\" tabindex=\"-1\" ><div class=\"elementor-post__thumbnail\"><img loading=\"lazy\" decoding=\"async\" width=\"255\" height=\"300\" src=\"https:\/\/thevisualcorner.net\/wp-content\/uploads\/2024\/01\/premium-skincare-brand-design-thevisualcorner-255x300.webp\" class=\"attachment-medium size-medium wp-image-62971\" alt=\"Como crear un Branding premium para tu marca\" srcset=\"https:\/\/thevisualcorner.net\/wp-content\/uploads\/2024\/01\/premium-skincare-brand-design-thevisualcorner-255x300.webp 255w, https:\/\/thevisualcorner.net\/wp-content\/uploads\/2024\/01\/premium-skincare-brand-design-thevisualcorner-870x1024.webp 870w, https:\/\/thevisualcorner.net\/wp-content\/uploads\/2024\/01\/premium-skincare-brand-design-thevisualcorner-768x904.webp 768w, https:\/\/thevisualcorner.net\/wp-content\/uploads\/2024\/01\/premium-skincare-brand-design-thevisualcorner.jpg 1300w\" sizes=\"(max-width: 255px) 100vw, 255px\" \/><\/div><\/a>\n\t\t\t\t<div class=\"elementor-post__text\">\n\t\t\t\t<h2 class=\"elementor-post__title\">\n\t\t\t<a href=\"https:\/\/thevisualcorner.net\/es\/como-crear-una-marca-o-branding-premium\/\" >\n\t\t\t\tC\u00f3mo crear un branding para marcas premium\t\t\t<\/a>\n\t\t<\/h2>\n\t\t\n\t\t<a class=\"elementor-post__read-more\" href=\"https:\/\/thevisualcorner.net\/es\/como-crear-una-marca-o-branding-premium\/\" aria-label=\"M\u00e1s informaci\u00f3n sobre C\u00f3mo crear un branding para marcas premium\" tabindex=\"-1\" >\n\t\t\tRead More \u00bb\t\t<\/a>\n\n\t\t\t\t<\/div>\n\t\t\t\t\t<\/div>\n\t\t<\/article>\n\t\t\t\t<\/div>\n\t\t\n\t\t\t\t<div class=\"e-load-more-anchor\" data-page=\"1\" data-max-page=\"9\" data-next-page=\"https:\/\/thevisualcorner.net\/es\/wp-json\/wp\/v2\/pages\/45052\/page\/2\/\"><\/div>\n\t\t\t\t<nav class=\"elementor-pagination\" aria-label=\"Paginaci\u00f3n\">\n\t\t\t<span class=\"page-numbers prev\">&laquo;  Previous Page<\/span>\n<a class=\"page-numbers next\" href=\"https:\/\/thevisualcorner.net\/es\/wp-json\/wp\/v2\/pages\/45052\/page\/2\/\">Next Page &raquo;<\/a>\t\t<\/nav>\n\t\t\t\t\t\t<\/div>\n\t\t\t\t<\/div>\n\t\t\t\t\t<\/div>\n\t\t<\/div>\n\t\t\t\t\t<\/div>\n\t\t<\/section>\n\t\t\t\t<\/div>\n\t\t","protected":false},"excerpt":{"rendered":"<p>Blog de branding y dise\u00f1o de marcas<\/p>\n","protected":false},"author":2,"featured_media":0,"parent":0,"menu_order":5,"comment_status":"closed","ping_status":"closed","template":"","meta":{"footnotes":""},"class_list":["post-45052","page","type-page","status-publish","hentry"],"_links":{"self":[{"href":"https:\/\/thevisualcorner.net\/es\/wp-json\/wp\/v2\/pages\/45052","targetHints":{"allow":["GET"]}}],"collection":[{"href":"https:\/\/thevisualcorner.net\/es\/wp-json\/wp\/v2\/pages"}],"about":[{"href":"https:\/\/thevisualcorner.net\/es\/wp-json\/wp\/v2\/types\/page"}],"author":[{"embeddable":true,"href":"https:\/\/thevisualcorner.net\/es\/wp-json\/wp\/v2\/users\/2"}],"replies":[{"embeddable":true,"href":"https:\/\/thevisualcorner.net\/es\/wp-json\/wp\/v2\/comments?post=45052"}],"version-history":[{"count":1,"href":"https:\/\/thevisualcorner.net\/es\/wp-json\/wp\/v2\/pages\/45052\/revisions"}],"predecessor-version":[{"id":69076,"href":"https:\/\/thevisualcorner.net\/es\/wp-json\/wp\/v2\/pages\/45052\/revisions\/69076"}],"wp:attachment":[{"href":"https:\/\/thevisualcorner.net\/es\/wp-json\/wp\/v2\/media?parent=45052"}],"curies":[{"name":"wp","href":"https:\/\/api.w.org\/{rel}","templated":true}]}}