{"id":9123,"date":"2023-10-28T12:03:46","date_gmt":"2023-10-28T12:03:46","guid":{"rendered":"https:\/\/desarrollo5.lovelybranddesign.com\/?page_id=9123"},"modified":"2026-02-11T10:35:20","modified_gmt":"2026-02-11T10:35:20","slug":"politica-de-privacidad-privacy-policy","status":"publish","type":"page","link":"https:\/\/thevisualcorner.net\/es\/politica-de-privacidad-privacy-policy\/","title":{"rendered":"Polit\u00edca de privacidad"},"content":{"rendered":"\t\t<div data-elementor-type=\"wp-page\" data-elementor-id=\"9123\" class=\"elementor elementor-9123 elementor-42146\" data-elementor-post-type=\"page\">\n\t\t\t\t\t\t<section class=\"elementor-section elementor-top-section elementor-element elementor-element-1ab68d3 elementor-section-boxed elementor-section-height-default elementor-section-height-default\" data-id=\"1ab68d3\" data-element_type=\"section\" data-e-type=\"section\" data-settings=\"{&quot;background_background&quot;:&quot;classic&quot;}\">\n\t\t\t\t\t\t<div class=\"elementor-container elementor-column-gap-default\">\n\t\t\t\t\t<div class=\"elementor-column elementor-col-100 elementor-top-column elementor-element elementor-element-5eeafda\" data-id=\"5eeafda\" data-element_type=\"column\" data-e-type=\"column\">\n\t\t\t<div class=\"elementor-widget-wrap elementor-element-populated\">\n\t\t\t\t\t\t<div class=\"elementor-element elementor-element-5282b62 elementor-widget elementor-widget-text-editor\" data-id=\"5282b62\" data-element_type=\"widget\" data-e-type=\"widget\" data-widget_type=\"text-editor.default\">\n\t\t\t\t<div class=\"elementor-widget-container\">\n\t\t\t\t\t\t\t\t\t<div>\n<h1>Pol\u00edtica de Privacidad<\/h1>\n<\/div>\n<div>\n<p data-path-to-node=\"4\"><b data-path-to-node=\"4\" data-index-in-node=\"0\">MERCY GUZM\u00c1N G\u00d3MEZ<\/b> (en adelante el \u201cPrestador\u201d), con D.N.I. n\u00famero <b data-path-to-node=\"4\" data-index-in-node=\"67\">46428405F<\/b> y domicilio en <b data-path-to-node=\"4\" data-index-in-node=\"92\">calle GARROTXA 20, 08330, Premia de Mar (Barcelona)<\/b>, titular del sitio web <b data-path-to-node=\"4\" data-index-in-node=\"172\">www.thevisualcorner.net<\/b>, garantiza la protecci\u00f3n de los datos personales de sus usuarios conforme al <b data-path-to-node=\"4\" data-index-in-node=\"273\">Reglamento (UE) 2016\/679 (RGPD)<\/b> y la <b data-path-to-node=\"4\" data-index-in-node=\"310\">Ley Org\u00e1nica 3\/2018 (LOPDGDD)<\/b>.<\/p>\n<h3 data-path-to-node=\"5\">1. Finalidad del tratamiento<\/h3>\n<p data-path-to-node=\"6\">Los datos facilitados por el Usuario ser\u00e1n incorporados a nuestros sistemas de informaci\u00f3n para:<\/p>\n<ul data-path-to-node=\"7\">\n<li>\n<p data-path-to-node=\"7,0,0\"><b data-path-to-node=\"7,0,0\" data-index-in-node=\"0\">Gesti\u00f3n Contractual<\/b>: Prestaci\u00f3n, administraci\u00f3n y mejora de los servicios de branding, dise\u00f1o y mentor\u00eda contratados.<\/p>\n<\/li>\n<li>\n<p data-path-to-node=\"7,1,0\"><b data-path-to-node=\"7,1,0\" data-index-in-node=\"0\">Atenci\u00f3n de Consultas<\/b>: Responder a solicitudes de informaci\u00f3n realizadas a trav\u00e9s de los formularios web.<\/p>\n<\/li>\n<li>\n<p data-path-to-node=\"7,2,0\"><b data-path-to-node=\"7,2,0\" data-index-in-node=\"0\">Marketing y Suscripci\u00f3n<\/b>: Env\u00edo de boletines (<i data-path-to-node=\"7,2,0\" data-index-in-node=\"45\">newsletters<\/i>), promociones y comunicaciones comerciales mediante correo electr\u00f3nico o sistemas de mensajer\u00eda automatizada (ManyChat), siempre que medie consentimiento expreso.<\/p>\n<\/li>\n<\/ul>\n<h3 data-path-to-node=\"8\">2. Base Jur\u00eddica del tratamiento<\/h3>\n<p data-path-to-node=\"9\">La base legal para el tratamiento es el <b data-path-to-node=\"9\" data-index-in-node=\"40\">consentimiento<\/b> del interesado (al marcar la casilla de aceptaci\u00f3n), la <b data-path-to-node=\"9\" data-index-in-node=\"111\">ejecuci\u00f3n de un contrato<\/b> de servicios y el <b data-path-to-node=\"9\" data-index-in-node=\"154\">inter\u00e9s leg\u00edtimo<\/b> del Prestador para fines de marketing directo con clientes existentes.<\/p>\n<h3 data-path-to-node=\"10\">3. Encargados del Tratamiento y Transferencias Internacionales<\/h3>\n<p data-path-to-node=\"11\">Para la prestaci\u00f3n del servicio, el Prestador utiliza los siguientes proveedores, garantizando que todos cumplen con la normativa europea mediante contratos de tratamiento o Cl\u00e1usulas Contractuales Tipo:<\/p>\n<ul data-path-to-node=\"12\">\n<li>\n<p data-path-to-node=\"12,0,0\"><b data-path-to-node=\"12,0,0\" data-index-in-node=\"0\">MailerLite<\/b> (MailerLite Limited, Irlanda\/Lituania): Gesti\u00f3n de campa\u00f1as de email marketing y automatizaci\u00f3n. <a href=\"https:\/\/www.mailerlite.com\/legal\/privacy-policy\" target=\"_blank\" rel=\"noopener\">Pol\u00edtica de privacidad<\/a>.<\/p>\n<\/li>\n<li>\n<p data-path-to-node=\"12,1,0\"><b data-path-to-node=\"12,1,0\" data-index-in-node=\"0\">ManyChat, Inc.<\/b> (EE.UU.): Servicio de mensajer\u00eda automatizada y chatbots. Se regula mediante Cl\u00e1usulas Contractuales Tipo para garantizar la seguridad en la transferencia internacional. <a href=\"https:\/\/www.google.com\/search?q=https:\/\/manychat.com\/privacy-policy\" target=\"_blank\" rel=\"noopener\">Pol\u00edtica de privacidad<\/a>. <\/p>\n<\/li>\n<li>\n<p data-path-to-node=\"12,2,0\"><b data-path-to-node=\"12,2,0\" data-index-in-node=\"0\">ThriveCart<\/b> (WebActive Directory Ltd, Reino Unido): Plataforma de gesti\u00f3n de pagos y carrito de compra. <a href=\"https:\/\/www.google.com\/search?q=https:\/\/thrivecart.com\/privacy-policy\/\" target=\"_blank\" rel=\"noopener\">Pol\u00edtica de privacidad<\/a>.<\/p>\n<\/li>\n<li>\n<p data-path-to-node=\"12,3,0\"><b data-path-to-node=\"12,3,0\" data-index-in-node=\"0\">Google LLC<\/b> (EE.UU.): Servicios de Google Workspace (Drive, Gmail). Certificado bajo marcos de seguridad europeos y Cl\u00e1usulas Contractuales Tipo. <a href=\"https:\/\/policies.google.com\/privacy\" target=\"_blank\" rel=\"noopener\">Pol\u00edtica de privacidad<\/a>. <\/p>\n<\/li>\n<li>\n<p data-path-to-node=\"12,4,0\"><b data-path-to-node=\"12,4,0\" data-index-in-node=\"0\">Typeform, S.L.<\/b> (Espa\u00f1a): Formularios y encuestas online. <a href=\"https:\/\/admin.typeform.com\/to\/dwk6gt\" target=\"_blank\" rel=\"noopener\">Pol\u00edtica de privacidad<\/a>.<\/p>\n<\/li>\n<li>\n<p data-path-to-node=\"12,5,0\"><b data-path-to-node=\"12,5,0\" data-index-in-node=\"0\">Grupo Raiola Networks, S.L.<\/b> (Espa\u00f1a): Servicios de alojamiento web (hosting). <a href=\"https:\/\/raiolanetworks.es\/politica-de-privacidad\/\" target=\"_blank\" rel=\"noopener\">Pol\u00edtica de privacidad<\/a>.<\/p>\n<\/li>\n<li>\n<p data-path-to-node=\"12,6,0\"><b data-path-to-node=\"12,6,0\" data-index-in-node=\"0\">Debitoor (SumUp Limited)<\/b>: Servicios de facturaci\u00f3n. <a href=\"https:\/\/www.google.com\/search?q=https:\/\/www.sumup.com\/es-es\/privacidad\/\" target=\"_blank\" rel=\"noopener\">Pol\u00edtica de privacidad<\/a>.<\/p>\n<\/li>\n<\/ul>\n<div><br><\/div>\n<h3 data-path-to-node=\"13\">4. Conservaci\u00f3n de los datos<\/h3>\n<p data-path-to-node=\"14\">Los datos se conservar\u00e1n mientras exista un inter\u00e9s mutuo para mantener el fin del tratamiento o mientras sea necesario para cumplir con obligaciones legales (6 a\u00f1os para documentos contables, etc.). Cuando ya no sean necesarios, se suprimir\u00e1n con medidas de seguridad adecuadas. <\/p>\n<p data-path-to-node=\"14\">No se ceder\u00e1n datos a terceros ajenos a la prestaci\u00f3n del servicio, salvo obligaci\u00f3n legal o requerimiento judicial.<\/p><p data-path-to-node=\"20\"><b data-path-to-node=\"20\" data-index-in-node=\"63\">Grabaciones<\/b>: En el caso de sesiones de mentor\u00eda grupales o formaciones en directo, estas podr\u00e1n ser grabadas con fines did\u00e1cticos para su posterior consulta por los alumnos. El usuario ser\u00e1 informado siempre antes de iniciar la grabaci\u00f3n.\u00bb <\/p><blockquote data-path-to-node=\"21\"><p data-path-to-node=\"21,0\"><br><\/p><\/blockquote>\n<h3 data-path-to-node=\"15\">5. Derechos del Usuario<\/h3>\n<p data-path-to-node=\"16\">El Usuario puede ejercer en cualquier momento sus derechos de:<\/p>\n<ul data-path-to-node=\"17\">\n<li>\n<p data-path-to-node=\"17,0,0\"><b data-path-to-node=\"17,0,0\" data-index-in-node=\"0\">Acceso, Rectificaci\u00f3n y Supresi\u00f3n<\/b> (Derecho al olvido).<\/p>\n<\/li>\n<li>\n<p data-path-to-node=\"17,1,0\"><b data-path-to-node=\"17,1,0\" data-index-in-node=\"0\">Oposici\u00f3n y Limitaci\u00f3n<\/b> del tratamiento.<\/p>\n<\/li>\n<li>\n<p data-path-to-node=\"17,2,0\"><b data-path-to-node=\"17,2,0\" data-index-in-node=\"0\">Portabilidad<\/b> de sus datos.<\/p>\n<\/li>\n<li>\n<p data-path-to-node=\"17,3,0\"><b data-path-to-node=\"17,3,0\" data-index-in-node=\"0\">Retirada del consentimiento<\/b> prestado.<\/p>\n<\/li>\n<\/ul>\n<p data-path-to-node=\"18\">Para ejercer estos derechos, debe enviar una solicitud escrita a la direcci\u00f3n mencionada en el encabezado o al correo <b data-path-to-node=\"18\" data-index-in-node=\"118\">contacta@thevisualcorner.net<\/b>, indicando en el asunto \u00abDerechos Protecci\u00f3n de Datos\u00bb y adjuntando copia de su DNI o documento equivalente.<\/p>\n<p data-path-to-node=\"19\">Asimismo, tiene derecho a presentar una reclamaci\u00f3n ante la <b data-path-to-node=\"19\" data-index-in-node=\"60\">Agencia Espa\u00f1ola de Protecci\u00f3n de Datos (AEPD)<\/b> a trav\u00e9s de su sede electr\u00f3nica (www.aepd.es) si considera que sus derechos no han sido debidamente atendidos.<\/p>\n<h3 data-path-to-node=\"20\">6. Seguridad<\/h3>\n<p data-path-to-node=\"21\">El Prestador ha adoptado las medidas t\u00e9cnicas y organizativas necesarias para garantizar la seguridad de los datos de car\u00e1cter personal y evitar su alteraci\u00f3n, p\u00e9rdida, tratamiento o acceso no autorizado.<\/p>\n<p data-path-to-node=\"22\"><b data-path-to-node=\"22\" data-index-in-node=\"0\">Fecha de la \u00faltima actualizaci\u00f3n:<\/b> 11 de febrero de 2026<\/p>\n<\/div>\t\t\t\t\t\t\t\t<\/div>\n\t\t\t\t<\/div>\n\t\t\t\t\t<\/div>\n\t\t<\/div>\n\t\t\t\t\t<\/div>\n\t\t<\/section>\n\t\t\t\t<\/div>\n\t\t","protected":false},"excerpt":{"rendered":"<p>Pol\u00edtica de Privacidad MERCY GUZM\u00c1N G\u00d3MEZ (en adelante el \u201cPrestador\u201d), con D.N.I. n\u00famero 46428405F y domicilio en calle GARROTXA 20, 08330, Premia de Mar (Barcelona), titular del sitio web www.thevisualcorner.net, garantiza la protecci\u00f3n de los datos personales de sus usuarios conforme al Reglamento (UE) 2016\/679 (RGPD) y la Ley Org\u00e1nica 3\/2018 (LOPDGDD). 1. Finalidad del [&hellip;]<\/p>\n","protected":false},"author":2,"featured_media":0,"parent":0,"menu_order":0,"comment_status":"closed","ping_status":"closed","template":"elementor_header_footer","meta":{"footnotes":""},"class_list":["post-9123","page","type-page","status-publish","hentry"],"_links":{"self":[{"href":"https:\/\/thevisualcorner.net\/es\/wp-json\/wp\/v2\/pages\/9123","targetHints":{"allow":["GET"]}}],"collection":[{"href":"https:\/\/thevisualcorner.net\/es\/wp-json\/wp\/v2\/pages"}],"about":[{"href":"https:\/\/thevisualcorner.net\/es\/wp-json\/wp\/v2\/types\/page"}],"author":[{"embeddable":true,"href":"https:\/\/thevisualcorner.net\/es\/wp-json\/wp\/v2\/users\/2"}],"replies":[{"embeddable":true,"href":"https:\/\/thevisualcorner.net\/es\/wp-json\/wp\/v2\/comments?post=9123"}],"version-history":[{"count":3,"href":"https:\/\/thevisualcorner.net\/es\/wp-json\/wp\/v2\/pages\/9123\/revisions"}],"predecessor-version":[{"id":69864,"href":"https:\/\/thevisualcorner.net\/es\/wp-json\/wp\/v2\/pages\/9123\/revisions\/69864"}],"wp:attachment":[{"href":"https:\/\/thevisualcorner.net\/es\/wp-json\/wp\/v2\/media?parent=9123"}],"curies":[{"name":"wp","href":"https:\/\/api.w.org\/{rel}","templated":true}]}}