{"id":9137,"date":"2023-10-28T12:04:06","date_gmt":"2023-10-28T12:04:06","guid":{"rendered":"https:\/\/desarrollo5.lovelybranddesign.com\/?page_id=9137"},"modified":"2026-03-16T20:26:00","modified_gmt":"2026-03-16T20:26:00","slug":"cookies","status":"publish","type":"page","link":"https:\/\/thevisualcorner.net\/es\/cookies\/","title":{"rendered":"Cookies"},"content":{"rendered":"\t\t<div data-elementor-type=\"wp-page\" data-elementor-id=\"9137\" class=\"elementor elementor-9137 elementor-57047\" data-elementor-post-type=\"page\">\n\t\t\t\t\t\t<section class=\"elementor-section elementor-top-section elementor-element elementor-element-1ab68d3 elementor-section-boxed elementor-section-height-default elementor-section-height-default\" data-id=\"1ab68d3\" data-element_type=\"section\" data-e-type=\"section\" data-settings=\"{&quot;background_background&quot;:&quot;classic&quot;}\">\n\t\t\t\t\t\t<div class=\"elementor-container elementor-column-gap-default\">\n\t\t\t\t\t<div class=\"elementor-column elementor-col-100 elementor-top-column elementor-element elementor-element-5eeafda\" data-id=\"5eeafda\" data-element_type=\"column\" data-e-type=\"column\">\n\t\t\t<div class=\"elementor-widget-wrap elementor-element-populated\">\n\t\t\t\t\t\t<div class=\"elementor-element elementor-element-5282b62 elementor-widget elementor-widget-text-editor\" data-id=\"5282b62\" data-element_type=\"widget\" data-e-type=\"widget\" data-widget_type=\"text-editor.default\">\n\t\t\t\t<div class=\"elementor-widget-container\">\n\t\t\t\t\t\t\t\t\t<div class=\"w-heading heading-1 text-center\"><h1 data-path-to-node=\"3\">POL\u00cdTICA DE COOKIES<\/h1><h3 data-path-to-node=\"4\">1. \u00bfQU\u00c9 SON LAS COOKIES?<\/h3><p data-path-to-node=\"5\">Las cookies son peque\u00f1os archivos de texto que se almacenan en tu navegador o dispositivo cuando visitas nuestro sitio web. Permiten que el portal recuerde informaci\u00f3n sobre tu visita, como tu idioma preferido y otras opciones, lo que puede facilitar tu pr\u00f3xima visita y hacer que el sitio te resulte m\u00e1s \u00fatil. <\/p><h3 data-path-to-node=\"6\">2. TIPOS DE COOKIES UTILIZADAS<\/h3><p data-path-to-node=\"7\">En <b data-path-to-node=\"7\" data-index-in-node=\"3\">The Visual Corner<\/b> utilizamos las siguientes categor\u00edas de cookies:<\/p><ul data-path-to-node=\"8\"><li><p data-path-to-node=\"8,0,0\"><b data-path-to-node=\"8,0,0\" data-index-in-node=\"0\">Cookies T\u00e9cnicas (Necesarias):<\/b> Son esenciales para que el sitio funcione correctamente. Incluyen aquellas que permiten gestionar el carrito de compra en <b data-path-to-node=\"8,0,0\" data-index-in-node=\"153\">ThriveCart<\/b>, la seguridad del sitio y el acceso a las \u00e1reas de formaci\u00f3n o membres\u00eda. Sin ellas, el sitio no puede prestar los servicios que solicitas.  <\/p><\/li><li><p data-path-to-node=\"8,1,0\"><b data-path-to-node=\"8,1,0\" data-index-in-node=\"0\">Cookies de An\u00e1lisis (Estad\u00edsticas):<\/b> Utilizamos <b data-path-to-node=\"8,1,0\" data-index-in-node=\"47\">Google Analytics<\/b> para entender c\u00f3mo interact\u00faan los usuarios con nuestra web (secciones m\u00e1s visitadas, tiempo de navegaci\u00f3n, etc.). Esta informaci\u00f3n es an\u00f3nima y solo se utiliza para mejorar la experiencia del usuario. <\/p><\/li><li><p data-path-to-node=\"8,2,0\"><b data-path-to-node=\"8,2,0\" data-index-in-node=\"0\">Cookies de Personalizaci\u00f3n:<\/b> Permiten que el sitio recuerde tus preferencias (como el idioma o la regi\u00f3n) para ofrecerte una experiencia m\u00e1s personalizada.<\/p><\/li><li><p data-path-to-node=\"8,3,0\"><b data-path-to-node=\"8,3,0\" data-index-in-node=\"0\">Cookies de Marketing y Publicidad Comportamental:<\/b> Utilizamos el <b data-path-to-node=\"8,3,0\" data-index-in-node=\"64\">P\u00edxel de Meta (Facebook\/Instagram)<\/b> para medir la eficacia de nuestras campa\u00f1as publicitarias y mostrarte anuncios relevantes basados en tus intereses. Tambi\u00e9n incluimos cookies de <b data-path-to-node=\"8,3,0\" data-index-in-node=\"244\">ManyChat<\/b> para gestionar las interacciones de mensajer\u00eda automatizada y <b data-path-to-node=\"8,3,0\" data-index-in-node=\"315\">MailerLite<\/b> para el seguimiento de conversiones de nuestras newsletters. <\/p><\/li><\/ul><h3 data-path-to-node=\"9\">3. BASE LEGAL<\/h3><p data-path-to-node=\"10\">El uso de cookies t\u00e9cnicas es necesario para la ejecuci\u00f3n del contrato o el funcionamiento de la web. Para el resto de cookies (an\u00e1lisis, personalizaci\u00f3n y publicidad), la base legal es tu <b data-path-to-node=\"10\" data-index-in-node=\"189\">consentimiento expreso<\/b>, el cual solicitamos a trav\u00e9s del banner de configuraci\u00f3n al entrar en nuestro sitio. <\/p><h3 data-path-to-node=\"11\">4. GESTI\u00d3N DE COOKIES<\/h3><p data-path-to-node=\"12\">Como usuario, tienes el control total sobre las cookies. Puedes: <\/p><ul data-path-to-node=\"13\"><li><p data-path-to-node=\"13,0,0\"><b data-path-to-node=\"13,0,0\" data-index-in-node=\"0\">Aceptar todas las cookies:<\/b> Para disfrutar de la experiencia completa.<\/p><\/li><li><p data-path-to-node=\"13,1,0\"><b data-path-to-node=\"13,1,0\" data-index-in-node=\"0\">Configurarlas:<\/b> Eligiendo solo aquellas que deseas permitir.<\/p><\/li><li><p data-path-to-node=\"13,2,0\"><b data-path-to-node=\"13,2,0\" data-index-in-node=\"0\">Rechazarlas:<\/b> Solo se instalar\u00e1n las cookies t\u00e9cnicas necesarias.<\/p><\/li><\/ul><p data-path-to-node=\"14\"><b data-path-to-node=\"14\" data-index-in-node=\"0\">Configuraci\u00f3n del navegador:<\/b> Tambi\u00e9n puedes restringir, bloquear o borrar las cookies de este o cualquier otro sitio web utilizando la configuraci\u00f3n de tu propio navegador (Chrome, Safari, Firefox, etc.).<\/p><h3 data-path-to-node=\"15\">5. TRANSFERENCIAS INTERNACIONALES DE DATOS<\/h3><p data-path-to-node=\"16\">Algunas cookies pertenecen a terceros ubicados fuera del Espacio Econ\u00f3mico Europeo (como Google, Meta, ManyChat o ThriveCart). Estas transferencias se realizan bajo el amparo de Cl\u00e1usulas Contractuales Tipo o marcos de privacidad que garantizan un nivel de protecci\u00f3n adecuado conforme al RGPD. <\/p><h3 data-path-to-node=\"17\">6. ACTUALIZACIONES<\/h3><p data-path-to-node=\"18\">Podremos modificar esta Pol\u00edtica de Cookies en funci\u00f3n de nuevas exigencias legislativas, reglamentarias, o con el objeto de adaptar dicha pol\u00edtica a las instrucciones dictadas por la Agencia Espa\u00f1ola de Protecci\u00f3n de Datos.<\/p><p data-path-to-node=\"19\"><b data-path-to-node=\"19\" data-index-in-node=\"0\">Fecha de la \u00faltima actualizaci\u00f3n:<\/b> 11 de febrero de 2026.<\/p><\/div>\t\t\t\t\t\t\t\t<\/div>\n\t\t\t\t<\/div>\n\t\t\t\t\t<\/div>\n\t\t<\/div>\n\t\t\t\t\t<\/div>\n\t\t<\/section>\n\t\t\t\t<\/div>\n\t\t","protected":false},"excerpt":{"rendered":"<p>POL\u00cdTICA DE COOKIES 1. \u00bfQU\u00c9 SON LAS COOKIES? Las cookies son peque\u00f1os archivos de texto que se almacenan en tu navegador o dispositivo cuando visitas nuestro sitio web. Permiten que el portal recuerde informaci\u00f3n sobre tu visita, como tu idioma preferido y otras opciones, lo que puede facilitar tu pr\u00f3xima visita y hacer que el [&hellip;]<\/p>\n","protected":false},"author":2,"featured_media":0,"parent":0,"menu_order":0,"comment_status":"closed","ping_status":"closed","template":"elementor_header_footer","meta":{"footnotes":""},"class_list":["post-9137","page","type-page","status-publish","hentry"],"_links":{"self":[{"href":"https:\/\/thevisualcorner.net\/es\/wp-json\/wp\/v2\/pages\/9137","targetHints":{"allow":["GET"]}}],"collection":[{"href":"https:\/\/thevisualcorner.net\/es\/wp-json\/wp\/v2\/pages"}],"about":[{"href":"https:\/\/thevisualcorner.net\/es\/wp-json\/wp\/v2\/types\/page"}],"author":[{"embeddable":true,"href":"https:\/\/thevisualcorner.net\/es\/wp-json\/wp\/v2\/users\/2"}],"replies":[{"embeddable":true,"href":"https:\/\/thevisualcorner.net\/es\/wp-json\/wp\/v2\/comments?post=9137"}],"version-history":[{"count":2,"href":"https:\/\/thevisualcorner.net\/es\/wp-json\/wp\/v2\/pages\/9137\/revisions"}],"predecessor-version":[{"id":69872,"href":"https:\/\/thevisualcorner.net\/es\/wp-json\/wp\/v2\/pages\/9137\/revisions\/69872"}],"wp:attachment":[{"href":"https:\/\/thevisualcorner.net\/es\/wp-json\/wp\/v2\/media?parent=9137"}],"curies":[{"name":"wp","href":"https:\/\/api.w.org\/{rel}","templated":true}]}}